{"id":67,"date":"2021-05-05T16:14:48","date_gmt":"2021-05-05T14:14:48","guid":{"rendered":"https:\/\/ateliersducasse.fr\/index.php\/colibri-wp\/"},"modified":"2021-06-10T16:09:46","modified_gmt":"2021-06-10T14:09:46","slug":"colibri-wp","status":"publish","type":"page","link":"https:\/\/ateliersducasse.fr\/","title":{"rendered":""},"content":{"rendered":"\t\t<div data-elementor-type=\"wp-page\" data-elementor-id=\"67\" class=\"elementor elementor-67\" data-elementor-settings=\"[]\">\n\t\t\t\t\t\t\t<div class=\"elementor-section-wrap\">\n\t\t\t\t\t\t\t<section class=\"elementor-section elementor-top-section elementor-element elementor-element-ea9eb2 elementor-section-stretched elementor-section-boxed elementor-section-height-default elementor-section-height-default\" data-id=\"ea9eb2\" data-element_type=\"section\" data-settings=\"{&quot;stretch_section&quot;:&quot;section-stretched&quot;}\">\n\t\t\t\t\t\t<div class=\"elementor-container elementor-column-gap-default\">\n\t\t\t\t\t<div class=\"elementor-column elementor-col-100 elementor-top-column elementor-element elementor-element-2eed871a\" data-id=\"2eed871a\" data-element_type=\"column\">\n\t\t\t<div class=\"elementor-widget-wrap elementor-element-populated\">\n\t\t\t\t\t\t\t\t<div class=\"elementor-element elementor-element-5774bc16 elementor-widget elementor-widget-text-editor\" data-id=\"5774bc16\" data-element_type=\"widget\" data-widget_type=\"text-editor.default\">\n\t\t\t\t<div class=\"elementor-widget-container\">\n\t\t\t\t\t\t\t\t<h2>Bienvenue !\u00a0<\/h2><h3>Les Ateliers Ducasse f\u00eatent cette ann\u00e9e leur 15 ans de cr\u00e9ation ainsi que leur d\u00e9m\u00e9nagement dans le lot !<\/h3><p>Vous trouverez sur notre page Partenaires les ateliers o\u00f9 vous pouvez vous rendre en r\u00e9gion parisienne.\u00a0<\/p><h3>\u00a0<\/h3>\t\t\t\t\t\t<\/div>\n\t\t\t\t<\/div>\n\t\t\t\t\t<\/div>\n\t\t<\/div>\n\t\t\t\t\t\t\t<\/div>\n\t\t<\/section>\n\t\t\t\t<section class=\"elementor-section elementor-top-section elementor-element elementor-element-0ff99e0 elementor-section-stretched elementor-section-boxed elementor-section-height-default elementor-section-height-default\" data-id=\"0ff99e0\" data-element_type=\"section\" data-settings=\"{&quot;stretch_section&quot;:&quot;section-stretched&quot;}\">\n\t\t\t\t\t\t<div class=\"elementor-container elementor-column-gap-default\">\n\t\t\t\t\t<div class=\"elementor-column elementor-col-50 elementor-top-column elementor-element elementor-element-2d61e89\" data-id=\"2d61e89\" data-element_type=\"column\">\n\t\t\t<div class=\"elementor-widget-wrap\">\n\t\t\t\t\t\t\t\t\t<\/div>\n\t\t<\/div>\n\t\t\t\t<div class=\"elementor-column elementor-col-50 elementor-top-column elementor-element elementor-element-b0412b2\" data-id=\"b0412b2\" data-element_type=\"column\">\n\t\t\t<div class=\"elementor-widget-wrap\">\n\t\t\t\t\t\t\t\t\t<\/div>\n\t\t<\/div>\n\t\t\t\t\t\t\t<\/div>\n\t\t<\/section>\n\t\t\t\t<section class=\"elementor-section elementor-top-section elementor-element elementor-element-06e8d87 elementor-section-stretched elementor-section-boxed elementor-section-height-default elementor-section-height-default\" data-id=\"06e8d87\" data-element_type=\"section\" data-settings=\"{&quot;stretch_section&quot;:&quot;section-stretched&quot;}\">\n\t\t\t\t\t\t<div class=\"elementor-container elementor-column-gap-default\">\n\t\t\t\t\t<div class=\"elementor-column elementor-col-100 elementor-top-column elementor-element elementor-element-97e3d9a\" data-id=\"97e3d9a\" data-element_type=\"column\">\n\t\t\t<div class=\"elementor-widget-wrap elementor-element-populated\">\n\t\t\t\t\t\t\t\t<div class=\"elementor-element elementor-element-38f2a95 elementor-aspect-ratio-169 elementor-widget elementor-widget-video\" data-id=\"38f2a95\" data-element_type=\"widget\" data-settings=\"{&quot;youtube_url&quot;:&quot;https:\\\/\\\/www.youtube.com\\\/watch?v=tOqyGc2iHho&quot;,&quot;autoplay&quot;:&quot;yes&quot;,&quot;video_type&quot;:&quot;youtube&quot;,&quot;controls&quot;:&quot;yes&quot;,&quot;aspect_ratio&quot;:&quot;169&quot;}\" data-widget_type=\"video.default\">\n\t\t\t\t<div class=\"elementor-widget-container\">\n\t\t\t\t\t<div class=\"elementor-wrapper elementor-fit-aspect-ratio elementor-open-inline\">\n\t\t\t<div class=\"elementor-video\"><\/div>\t\t<\/div>\n\t\t\t\t<\/div>\n\t\t\t\t<\/div>\n\t\t\t\t\t<\/div>\n\t\t<\/div>\n\t\t\t\t\t\t\t<\/div>\n\t\t<\/section>\n\t\t\t\t<section class=\"elementor-section elementor-top-section elementor-element elementor-element-4401f65 elementor-section-stretched elementor-section-boxed elementor-section-height-default elementor-section-height-default\" data-id=\"4401f65\" data-element_type=\"section\" data-settings=\"{&quot;stretch_section&quot;:&quot;section-stretched&quot;}\">\n\t\t\t\t\t\t<div class=\"elementor-container elementor-column-gap-default\">\n\t\t\t\t\t<div class=\"elementor-column elementor-col-100 elementor-top-column elementor-element elementor-element-0278c6d\" data-id=\"0278c6d\" data-element_type=\"column\">\n\t\t\t<div class=\"elementor-widget-wrap elementor-element-populated\">\n\t\t\t\t\t\t\t\t<div class=\"elementor-element elementor-element-6949965 elementor-widget elementor-widget-text-editor\" data-id=\"6949965\" data-element_type=\"widget\" data-widget_type=\"text-editor.default\">\n\t\t\t\t<div class=\"elementor-widget-container\">\n\t\t\t\t\t\t\t\t<p><em>Les ateliers Ducasse \/ Cr\u00e9dit vid\u00e9o : Mathieu Brunnel\u00a0\u00a0<\/em><\/p>\t\t\t\t\t\t<\/div>\n\t\t\t\t<\/div>\n\t\t\t\t\t<\/div>\n\t\t<\/div>\n\t\t\t\t\t\t\t<\/div>\n\t\t<\/section>\n\t\t\t\t<section class=\"elementor-section elementor-top-section elementor-element elementor-element-7c1a037 elementor-section-stretched elementor-section-boxed elementor-section-height-default elementor-section-height-default\" data-id=\"7c1a037\" data-element_type=\"section\" data-settings=\"{&quot;stretch_section&quot;:&quot;section-stretched&quot;}\">\n\t\t\t\t\t\t<div class=\"elementor-container elementor-column-gap-default\">\n\t\t\t\t\t<div class=\"elementor-column elementor-col-100 elementor-top-column elementor-element elementor-element-f00257c\" data-id=\"f00257c\" data-element_type=\"column\">\n\t\t\t<div class=\"elementor-widget-wrap elementor-element-populated\">\n\t\t\t\t\t\t\t\t<div class=\"elementor-element elementor-element-0e682f0 elementor-widget elementor-widget-toggle\" data-id=\"0e682f0\" data-element_type=\"widget\" data-widget_type=\"toggle.default\">\n\t\t\t\t<div class=\"elementor-widget-container\">\n\t\t\t\t\t<div class=\"elementor-toggle\" role=\"tablist\">\n\t\t\t\t\t\t\t<div class=\"elementor-toggle-item\">\n\t\t\t\t\t<div id=\"elementor-tab-title-1511\" class=\"elementor-tab-title\" data-tab=\"1\" role=\"tab\" aria-controls=\"elementor-tab-content-1511\" aria-expanded=\"false\">\n\t\t\t\t\t\t\t\t\t\t\t\t<span class=\"elementor-toggle-icon elementor-toggle-icon-left\" aria-hidden=\"true\">\n\t\t\t\t\t\t\t\t\t\t\t\t\t\t\t<span class=\"elementor-toggle-icon-closed\"><i class=\"fas fa-caret-right\"><\/i><\/span>\n\t\t\t\t\t\t\t\t<span class=\"elementor-toggle-icon-opened\"><i class=\"elementor-toggle-icon-opened fas fa-caret-up\"><\/i><\/span>\n\t\t\t\t\t\t\t\t\t\t\t\t\t<\/span>\n\t\t\t\t\t\t\t\t\t\t\t\t<a href=\"\" class=\"elementor-toggle-title\">Mentions l\u00e9gales<\/a>\n\t\t\t\t\t<\/div>\n\t\t\t\t\t<div id=\"elementor-tab-content-1511\" class=\"elementor-tab-content elementor-clearfix\" data-tab=\"1\" role=\"tabpanel\" aria-labelledby=\"elementor-tab-title-1511\"><p><em>Nom du site : http:\/\/www.ateliersducasse.fr<\/em><br \/><em>Publication : Yannick DUCASSE<\/em><br \/><em>R\u00e9daction : Yannick DUCASSE<\/em><br \/><em>Responsable \u00e9ditorial : Yannick DUCASSE<\/em><br \/><em>Responsable technique : Yannick DUCASSE<\/em><br \/><em>Pour tout contact \u00e0 propos du contenu de ce site, adressez un mail \u00e0 :\u00a0yannick.ducasse@yahoo.fr<\/em><br \/><em>\u00a0<\/em><br \/><em>H\u00e9bergement : OVH<\/em><br \/><em>\u00a0<\/em><br \/><em>Droits de reproduction :<\/em><br \/><em>\u00a9 &#8220;Yannick DUCASSE : Les Ateliers Ducasse&#8221;. Tous droits r\u00e9serv\u00e9s. La reproduction du contenu de ce site web, en tout ou en partie, est interdite sans la permission \u00e9crite de l\u2019auteur (sauf mention particuli\u00e8re). Tout autre mat\u00e9riel contenu sur ce site ne nous appartenant pas : photos, textes, images, codes source, logos, noms de produits ou marques cit\u00e9es, etc., est la propri\u00e9t\u00e9 de leurs d\u00e9tenteurs respectifs.<\/em><br \/><em>\u00a0<\/em><br \/><em>Ils ne peuvent \u00eatre utilis\u00e9es \u00e0 des fins commerciales ou publicitaires.<\/em><br \/><em>Lorsque des donn\u00e9es pr\u00e9sentes sur ce site ont un caract\u00e8re nominatif, les utilisateurs doivent en faire un usage conforme aux r\u00e9glementations en vigueur et aux recommandations de la Commission nationale de l&#8217;informatique et des libert\u00e9s (CNIL).<\/em><br \/><em>\u00a0<\/em><br \/><em>Tous les contenus de ce site, s&#8217;ils sont emprunt\u00e9s, ne peuvent \u00eatre tronqu\u00e9s ou modifi\u00e9s. Toute modification ou coupure de texte, photo, vid\u00e9o doit \u00eatre signal\u00e9e \u00e0 l&#8217;auteur du site et doit faire l&#8217;objet d&#8217;une demande pr\u00e9alable.<\/em><br \/><em>\u00a0<\/em><br \/><em>Cr\u00e9dits Photos : Alexandra MOCANU<\/em><\/p><\/div>\n\t\t\t\t<\/div>\n\t\t\t\t\t\t\t\t<\/div>\n\t\t\t\t<\/div>\n\t\t\t\t<\/div>\n\t\t\t\t\t<\/div>\n\t\t<\/div>\n\t\t\t\t\t\t\t<\/div>\n\t\t<\/section>\n\t\t\t\t\t\t<\/div>\n\t\t\t\t\t<\/div>\n\t\t","protected":false},"excerpt":{"rendered":"<p>Bienvenue !\u00a0 Les Ateliers Ducasse f\u00eatent cette ann\u00e9e leur 15 ans de cr\u00e9ation ainsi que leur d\u00e9m\u00e9nagement dans le lot ! Vous trouverez sur notre page Partenaires les ateliers o\u00f9 vous pouvez vous rendre en r\u00e9gion parisienne.\u00a0 \u00a0 https:\/\/www.youtube.com\/watch?v=tOqyGc2iHho Les ateliers Ducasse \/ Cr\u00e9dit vid\u00e9o : Mathieu Brunnel\u00a0\u00a0 Mentions l\u00e9gales Nom du site : http:\/\/www.ateliersducasse.frPublication [&hellip;]<\/p>\n","protected":false},"author":1,"featured_media":150,"parent":0,"menu_order":0,"comment_status":"closed","ping_status":"closed","template":"","meta":{"footnotes":""},"_links":{"self":[{"href":"https:\/\/ateliersducasse.fr\/index.php\/wp-json\/wp\/v2\/pages\/67"}],"collection":[{"href":"https:\/\/ateliersducasse.fr\/index.php\/wp-json\/wp\/v2\/pages"}],"about":[{"href":"https:\/\/ateliersducasse.fr\/index.php\/wp-json\/wp\/v2\/types\/page"}],"author":[{"embeddable":true,"href":"https:\/\/ateliersducasse.fr\/index.php\/wp-json\/wp\/v2\/users\/1"}],"replies":[{"embeddable":true,"href":"https:\/\/ateliersducasse.fr\/index.php\/wp-json\/wp\/v2\/comments?post=67"}],"version-history":[{"count":64,"href":"https:\/\/ateliersducasse.fr\/index.php\/wp-json\/wp\/v2\/pages\/67\/revisions"}],"predecessor-version":[{"id":590,"href":"https:\/\/ateliersducasse.fr\/index.php\/wp-json\/wp\/v2\/pages\/67\/revisions\/590"}],"wp:featuredmedia":[{"embeddable":true,"href":"https:\/\/ateliersducasse.fr\/index.php\/wp-json\/wp\/v2\/media\/150"}],"wp:attachment":[{"href":"https:\/\/ateliersducasse.fr\/index.php\/wp-json\/wp\/v2\/media?parent=67"}],"curies":[{"name":"wp","href":"https:\/\/api.w.org\/{rel}","templated":true}]}}