{"id":286,"date":"2021-05-06T17:09:02","date_gmt":"2021-05-06T15:09:02","guid":{"rendered":"https:\/\/ateliersducasse.fr\/?page_id=286"},"modified":"2021-06-10T15:49:48","modified_gmt":"2021-06-10T13:49:48","slug":"le-modele-enfant","status":"publish","type":"page","link":"https:\/\/ateliersducasse.fr\/index.php\/le-modele-enfant\/","title":{"rendered":"Le Basson petite main"},"content":{"rendered":"\t\t<div data-elementor-type=\"wp-page\" data-elementor-id=\"286\" class=\"elementor elementor-286\" data-elementor-settings=\"[]\">\n\t\t\t\t\t\t\t<div class=\"elementor-section-wrap\">\n\t\t\t\t\t\t\t<section class=\"elementor-section elementor-top-section elementor-element elementor-element-4ef1d35 elementor-section-stretched elementor-section-boxed elementor-section-height-default elementor-section-height-default\" data-id=\"4ef1d35\" data-element_type=\"section\" data-settings=\"{&quot;stretch_section&quot;:&quot;section-stretched&quot;}\">\n\t\t\t\t\t\t<div class=\"elementor-container elementor-column-gap-default\">\n\t\t\t\t\t<div class=\"elementor-column elementor-col-50 elementor-top-column elementor-element elementor-element-b4f87e9\" data-id=\"b4f87e9\" data-element_type=\"column\">\n\t\t\t<div class=\"elementor-widget-wrap elementor-element-populated\">\n\t\t\t\t\t\t\t\t<div class=\"elementor-element elementor-element-d2cd6b6 elementor-widget elementor-widget-image\" data-id=\"d2cd6b6\" data-element_type=\"widget\" data-widget_type=\"image.default\">\n\t\t\t\t<div class=\"elementor-widget-container\">\n\t\t\t\t\t\t\t\t\t\t\t\t\t\t\t<img loading=\"lazy\" decoding=\"async\" width=\"681\" height=\"1024\" src=\"https:\/\/ateliersducasse.fr\/wp-content\/uploads\/2021\/05\/DSC_0075-681x1024.jpg\" class=\"attachment-large size-large\" alt=\"\" srcset=\"https:\/\/ateliersducasse.fr\/wp-content\/uploads\/2021\/05\/DSC_0075-681x1024.jpg 681w, https:\/\/ateliersducasse.fr\/wp-content\/uploads\/2021\/05\/DSC_0075-199x300.jpg 199w, https:\/\/ateliersducasse.fr\/wp-content\/uploads\/2021\/05\/DSC_0075-768x1155.jpg 768w, https:\/\/ateliersducasse.fr\/wp-content\/uploads\/2021\/05\/DSC_0075-1021x1536.jpg 1021w, https:\/\/ateliersducasse.fr\/wp-content\/uploads\/2021\/05\/DSC_0075-1362x2048.jpg 1362w, https:\/\/ateliersducasse.fr\/wp-content\/uploads\/2021\/05\/DSC_0075-scaled.jpg 1702w\" sizes=\"(max-width: 681px) 100vw, 681px\" \/>\t\t\t\t\t\t\t\t\t\t\t\t\t\t\t<\/div>\n\t\t\t\t<\/div>\n\t\t\t\t\t<\/div>\n\t\t<\/div>\n\t\t\t\t<div class=\"elementor-column elementor-col-50 elementor-top-column elementor-element elementor-element-d0ba905\" data-id=\"d0ba905\" data-element_type=\"column\">\n\t\t\t<div class=\"elementor-widget-wrap elementor-element-populated\">\n\t\t\t\t\t\t\t\t<div class=\"elementor-element elementor-element-b8c5aaf elementor-widget elementor-widget-text-editor\" data-id=\"b8c5aaf\" data-element_type=\"widget\" data-widget_type=\"text-editor.default\">\n\t\t\t\t<div class=\"elementor-widget-container\">\n\t\t\t\t\t\t\t\t<h2><strong>Le basson petite main, syst\u00e8me fran\u00e7ais<\/strong><\/h2><h4><strong><span style=\"text-decoration: underline;\">Conception et r\u00e9alisation : Philippe Hanon et Yannick Ducasse<\/span><\/strong><\/h4><p>\u00a0<\/p><p>L&#8217;instrument est en bois d&#8217;\u00e9rable, sa tessiture s&#8217;\u00e9tend du &#8220;R\u00e9 1&#8221; au &#8220;Fa 4&#8221;.\u00a0<\/p><p>Un syst\u00e8me de cl\u00e9tage original a sp\u00e9cialement \u00e9t\u00e9 \u00e9tudi\u00e9 et con\u00e7u pour la morphologie des jeunes enfants.\u00a0<\/p><p><strong>L&#8217;instrument est constitu\u00e9 de 4 parties principales<\/strong> :<\/p><ul><li><span style=\"text-decoration: underline;\">Le bocal :<\/span> De forme conique original en laiton, il est muni d&#8217;un tube d&#8217;octave.<\/li><li><span style=\"text-decoration: underline;\">La petite branche :<\/span> con\u00e7ue selon le syst\u00e8me fran\u00e7ais, l&#8217;int\u00e9rieur de la petite branche est coul\u00e9 en r\u00e9sine. Le cl\u00e9tage de la petite branche comporte 3 cl\u00e9s d&#8217;octave, une cl\u00e9 de &#8220;Do#&#8221; et une cl\u00e9 de bocal.<\/li><li><span style=\"text-decoration: underline;\">La culasse :<\/span> coul\u00e9e en r\u00e9sine sur le petit c\u00f4t\u00e9 de la perce et sur les deux-tiers du grand c\u00f4t\u00e9 de la perce. Les trous de &#8220;Do&#8221; et &#8220;Si&#8221; forment un bossage sur le corps de la culasse. Le cl\u00e9tage comporte un plateau servant \u00e0 la fermeture du trou du &#8220;Mi&#8221;.<\/li><li><span style=\"text-decoration: underline;\">La grande branche :<\/span> elle comporte une cl\u00e9 de &#8220;R\u00e9&#8221;, &#8220;R\u00e9#&#8221; et un trou de r\u00e9sonance.\u00a0<\/li><\/ul><p><strong>-&gt; La basson est livr\u00e9 en \u00e9tui avec harnais et \u00e9couvillon.\u00a0<\/strong><\/p>\t\t\t\t\t\t<\/div>\n\t\t\t\t<\/div>\n\t\t\t\t\t<\/div>\n\t\t<\/div>\n\t\t\t\t\t\t\t<\/div>\n\t\t<\/section>\n\t\t\t\t<section class=\"elementor-section elementor-top-section elementor-element elementor-element-63055c0 elementor-section-stretched elementor-section-boxed elementor-section-height-default elementor-section-height-default\" data-id=\"63055c0\" data-element_type=\"section\" data-settings=\"{&quot;stretch_section&quot;:&quot;section-stretched&quot;}\">\n\t\t\t\t\t\t<div class=\"elementor-container elementor-column-gap-default\">\n\t\t\t\t\t<div class=\"elementor-column elementor-col-100 elementor-top-column elementor-element elementor-element-4e221ab\" data-id=\"4e221ab\" data-element_type=\"column\">\n\t\t\t<div class=\"elementor-widget-wrap elementor-element-populated\">\n\t\t\t\t\t\t\t\t<div class=\"elementor-element elementor-element-34bccc3 elementor-align-right elementor-widget elementor-widget-button\" data-id=\"34bccc3\" data-element_type=\"widget\" data-widget_type=\"button.default\">\n\t\t\t\t<div class=\"elementor-widget-container\">\n\t\t\t\t\t<div class=\"elementor-button-wrapper\">\n\t\t\t<a href=\"https:\/\/ateliersducasse.fr\/index.php\/les-instruments\/\" class=\"elementor-button-link elementor-button elementor-size-sm\" role=\"button\">\n\t\t\t\t\t\t<span class=\"elementor-button-content-wrapper\">\n\t\t\t\t\t\t<span class=\"elementor-button-text\">Retour aux instruments<\/span>\n\t\t<\/span>\n\t\t\t\t\t<\/a>\n\t\t<\/div>\n\t\t\t\t<\/div>\n\t\t\t\t<\/div>\n\t\t\t\t\t<\/div>\n\t\t<\/div>\n\t\t\t\t\t\t\t<\/div>\n\t\t<\/section>\n\t\t\t\t\t\t<\/div>\n\t\t\t\t\t<\/div>\n\t\t","protected":false},"excerpt":{"rendered":"<p>Le basson petite main, syst\u00e8me fran\u00e7ais Conception et r\u00e9alisation : Philippe Hanon et Yannick Ducasse L&#8217;instrument est en bois d&#8217;\u00e9rable, sa tessiture s&#8217;\u00e9tend du &#8220;R\u00e9 1&#8221; au &#8220;Fa 4&#8221;.&nbsp; Un syst\u00e8me de cl\u00e9tage original a sp\u00e9cialement \u00e9t\u00e9 \u00e9tudi\u00e9 et con\u00e7u pour la morphologie des jeunes enfants.&nbsp; L&#8217;instrument est constitu\u00e9 de 4 parties principales : Le [&hellip;]<\/p>\n","protected":false},"author":1,"featured_media":160,"parent":0,"menu_order":0,"comment_status":"closed","ping_status":"closed","template":"","meta":{"footnotes":""},"_links":{"self":[{"href":"https:\/\/ateliersducasse.fr\/index.php\/wp-json\/wp\/v2\/pages\/286"}],"collection":[{"href":"https:\/\/ateliersducasse.fr\/index.php\/wp-json\/wp\/v2\/pages"}],"about":[{"href":"https:\/\/ateliersducasse.fr\/index.php\/wp-json\/wp\/v2\/types\/page"}],"author":[{"embeddable":true,"href":"https:\/\/ateliersducasse.fr\/index.php\/wp-json\/wp\/v2\/users\/1"}],"replies":[{"embeddable":true,"href":"https:\/\/ateliersducasse.fr\/index.php\/wp-json\/wp\/v2\/comments?post=286"}],"version-history":[{"count":17,"href":"https:\/\/ateliersducasse.fr\/index.php\/wp-json\/wp\/v2\/pages\/286\/revisions"}],"predecessor-version":[{"id":571,"href":"https:\/\/ateliersducasse.fr\/index.php\/wp-json\/wp\/v2\/pages\/286\/revisions\/571"}],"wp:featuredmedia":[{"embeddable":true,"href":"https:\/\/ateliersducasse.fr\/index.php\/wp-json\/wp\/v2\/media\/160"}],"wp:attachment":[{"href":"https:\/\/ateliersducasse.fr\/index.php\/wp-json\/wp\/v2\/media?parent=286"}],"curies":[{"name":"wp","href":"https:\/\/api.w.org\/{rel}","templated":true}]}}