{"id":182,"date":"2021-05-05T17:32:23","date_gmt":"2021-05-05T15:32:23","guid":{"rendered":"https:\/\/ateliersducasse.fr\/?page_id=182"},"modified":"2021-06-10T15:50:28","modified_gmt":"2021-06-10T13:50:28","slug":"systemefran","status":"publish","type":"page","link":"https:\/\/ateliersducasse.fr\/index.php\/systemefran\/","title":{"rendered":"Le syst\u00e8me fran\u00e7ais"},"content":{"rendered":"\t\t<div data-elementor-type=\"wp-page\" data-elementor-id=\"182\" class=\"elementor elementor-182\" data-elementor-settings=\"[]\">\n\t\t\t\t\t\t\t<div class=\"elementor-section-wrap\">\n\t\t\t\t\t\t\t<section class=\"elementor-section elementor-top-section elementor-element elementor-element-3ebf962 elementor-section-stretched elementor-section-boxed elementor-section-height-default elementor-section-height-default\" data-id=\"3ebf962\" data-element_type=\"section\" data-settings=\"{&quot;stretch_section&quot;:&quot;section-stretched&quot;}\">\n\t\t\t\t\t\t<div class=\"elementor-container elementor-column-gap-default\">\n\t\t\t\t\t<div class=\"elementor-column elementor-col-50 elementor-top-column elementor-element elementor-element-b1920fd\" data-id=\"b1920fd\" data-element_type=\"column\">\n\t\t\t<div class=\"elementor-widget-wrap elementor-element-populated\">\n\t\t\t\t\t\t\t\t<div class=\"elementor-element elementor-element-dd4052e elementor-widget elementor-widget-image\" data-id=\"dd4052e\" data-element_type=\"widget\" data-widget_type=\"image.default\">\n\t\t\t\t<div class=\"elementor-widget-container\">\n\t\t\t\t\t\t\t\t\t\t\t\t\t\t\t<img loading=\"lazy\" decoding=\"async\" width=\"768\" height=\"1272\" src=\"https:\/\/ateliersducasse.fr\/wp-content\/uploads\/2021\/05\/ducasse-bassoon-1-768x1272.jpg\" class=\"attachment-medium_large size-medium_large\" alt=\"\" srcset=\"https:\/\/ateliersducasse.fr\/wp-content\/uploads\/2021\/05\/ducasse-bassoon-1-768x1272.jpg 768w, https:\/\/ateliersducasse.fr\/wp-content\/uploads\/2021\/05\/ducasse-bassoon-1-181x300.jpg 181w, https:\/\/ateliersducasse.fr\/wp-content\/uploads\/2021\/05\/ducasse-bassoon-1-618x1024.jpg 618w, https:\/\/ateliersducasse.fr\/wp-content\/uploads\/2021\/05\/ducasse-bassoon-1-927x1536.jpg 927w, https:\/\/ateliersducasse.fr\/wp-content\/uploads\/2021\/05\/ducasse-bassoon-1-1236x2048.jpg 1236w, https:\/\/ateliersducasse.fr\/wp-content\/uploads\/2021\/05\/ducasse-bassoon-1-scaled.jpg 1545w\" sizes=\"(max-width: 768px) 100vw, 768px\" \/>\t\t\t\t\t\t\t\t\t\t\t\t\t\t\t<\/div>\n\t\t\t\t<\/div>\n\t\t\t\t\t<\/div>\n\t\t<\/div>\n\t\t\t\t<div class=\"elementor-column elementor-col-50 elementor-top-column elementor-element elementor-element-18d6b12\" data-id=\"18d6b12\" data-element_type=\"column\">\n\t\t\t<div class=\"elementor-widget-wrap elementor-element-populated\">\n\t\t\t\t\t\t\t\t<div class=\"elementor-element elementor-element-fec9106 elementor-widget elementor-widget-text-editor\" data-id=\"fec9106\" data-element_type=\"widget\" data-widget_type=\"text-editor.default\">\n\t\t\t\t<div class=\"elementor-widget-container\">\n\t\t\t\t\t\t\t\t<h2><strong>Le basson professionnel, syst\u00e8me fran\u00e7ais :<\/strong><\/h2><h4><span style=\"text-decoration: underline;\"><strong>Conception et r\u00e9alisation : Philippe Hanon et Yannick Ducasse<\/strong><\/span><\/h4><p>Cet instrument syst\u00e8me Fran\u00e7ais en palissandre est destin\u00e9 aux professionnels.<\/p><p>La perce, c\u00f4t\u00e9 petite branche et petit c\u00f4t\u00e9 culasse est doubl\u00e9e en injections de r\u00e9sine. Le cl\u00e9tage est en maillechort argent\u00e9 et comprend beaucoup d&#8217;am\u00e9liorations :<\/p><p>* Doublure de sib &#8211; culasse<\/p><p>* Fa &#8211; fa# automatique \u2013 culasse<\/p><p>* Doublure de fa# &#8211; culasse<\/p><p>* Plateau de Mi &#8211; culasse<\/p><p>Le cl\u00e9tage peut \u00eatre am\u00e9nag\u00e9 suivant la demande du musicien, lors de la commande :<\/p><p>&#8211; Doublure Sol# &#8211; culasse<\/p><p>&#8211; Correspondance Mi-cl\u00e9s de bocal &#8211; culasse<\/p><p>&#8211; Bocal en laiton finition argent\u00e9<\/p><p><strong>-&gt; Le basson professionnel est livr\u00e9 en \u00e9tui avec harnais et \u00e9couvillon.\u00a0<\/strong><\/p><h6><em>Photo ci-joint : cl\u00e9tage toutes options.<\/em><\/h6><p>Les options disponibles<\/p>\t\t\t\t\t\t<\/div>\n\t\t\t\t<\/div>\n\t\t\t\t\t<\/div>\n\t\t<\/div>\n\t\t\t\t\t\t\t<\/div>\n\t\t<\/section>\n\t\t\t\t<section class=\"elementor-section elementor-top-section elementor-element elementor-element-c323d65 elementor-section-stretched elementor-section-boxed elementor-section-height-default elementor-section-height-default\" data-id=\"c323d65\" data-element_type=\"section\" data-settings=\"{&quot;stretch_section&quot;:&quot;section-stretched&quot;}\">\n\t\t\t\t\t\t<div class=\"elementor-container elementor-column-gap-default\">\n\t\t\t\t\t<div class=\"elementor-column elementor-col-100 elementor-top-column elementor-element elementor-element-016fe8e\" data-id=\"016fe8e\" data-element_type=\"column\">\n\t\t\t<div class=\"elementor-widget-wrap elementor-element-populated\">\n\t\t\t\t\t\t\t\t<div class=\"elementor-element elementor-element-3b4457f elementor-align-right elementor-widget elementor-widget-button\" data-id=\"3b4457f\" data-element_type=\"widget\" data-widget_type=\"button.default\">\n\t\t\t\t<div class=\"elementor-widget-container\">\n\t\t\t\t\t<div class=\"elementor-button-wrapper\">\n\t\t\t<a href=\"https:\/\/ateliersducasse.fr\/index.php\/les-instruments\/\" class=\"elementor-button-link elementor-button elementor-size-sm\" role=\"button\">\n\t\t\t\t\t\t<span class=\"elementor-button-content-wrapper\">\n\t\t\t\t\t\t<span class=\"elementor-button-text\">Retour aux instruments<\/span>\n\t\t<\/span>\n\t\t\t\t\t<\/a>\n\t\t<\/div>\n\t\t\t\t<\/div>\n\t\t\t\t<\/div>\n\t\t\t\t\t<\/div>\n\t\t<\/div>\n\t\t\t\t\t\t\t<\/div>\n\t\t<\/section>\n\t\t\t\t\t\t<\/div>\n\t\t\t\t\t<\/div>\n\t\t","protected":false},"excerpt":{"rendered":"<p>Le basson professionnel, syst\u00e8me fran\u00e7ais : Conception et r\u00e9alisation : Philippe Hanon et Yannick Ducasse Cet instrument syst\u00e8me Fran\u00e7ais en palissandre est destin\u00e9 aux professionnels. La perce, c\u00f4t\u00e9 petite branche et petit c\u00f4t\u00e9 culasse est doubl\u00e9e en injections de r\u00e9sine. Le cl\u00e9tage est en maillechort argent\u00e9 et comprend beaucoup d&#8217;am\u00e9liorations : * Doublure de sib [&hellip;]<\/p>\n","protected":false},"author":1,"featured_media":160,"parent":0,"menu_order":0,"comment_status":"closed","ping_status":"closed","template":"","meta":{"footnotes":""},"_links":{"self":[{"href":"https:\/\/ateliersducasse.fr\/index.php\/wp-json\/wp\/v2\/pages\/182"}],"collection":[{"href":"https:\/\/ateliersducasse.fr\/index.php\/wp-json\/wp\/v2\/pages"}],"about":[{"href":"https:\/\/ateliersducasse.fr\/index.php\/wp-json\/wp\/v2\/types\/page"}],"author":[{"embeddable":true,"href":"https:\/\/ateliersducasse.fr\/index.php\/wp-json\/wp\/v2\/users\/1"}],"replies":[{"embeddable":true,"href":"https:\/\/ateliersducasse.fr\/index.php\/wp-json\/wp\/v2\/comments?post=182"}],"version-history":[{"count":33,"href":"https:\/\/ateliersducasse.fr\/index.php\/wp-json\/wp\/v2\/pages\/182\/revisions"}],"predecessor-version":[{"id":574,"href":"https:\/\/ateliersducasse.fr\/index.php\/wp-json\/wp\/v2\/pages\/182\/revisions\/574"}],"wp:featuredmedia":[{"embeddable":true,"href":"https:\/\/ateliersducasse.fr\/index.php\/wp-json\/wp\/v2\/media\/160"}],"wp:attachment":[{"href":"https:\/\/ateliersducasse.fr\/index.php\/wp-json\/wp\/v2\/media?parent=182"}],"curies":[{"name":"wp","href":"https:\/\/api.w.org\/{rel}","templated":true}]}}