{"id":159,"date":"2021-05-05T16:51:40","date_gmt":"2021-05-05T14:51:40","guid":{"rendered":"https:\/\/ateliersducasse.fr\/?page_id=159"},"modified":"2021-06-10T14:55:28","modified_gmt":"2021-06-10T12:55:28","slug":"les-instruments","status":"publish","type":"page","link":"https:\/\/ateliersducasse.fr\/index.php\/les-instruments\/","title":{"rendered":"Les instruments"},"content":{"rendered":"\t\t<div data-elementor-type=\"wp-page\" data-elementor-id=\"159\" class=\"elementor elementor-159\" data-elementor-settings=\"[]\">\n\t\t\t\t\t\t\t<div class=\"elementor-section-wrap\">\n\t\t\t\t\t\t\t<section class=\"elementor-section elementor-top-section elementor-element elementor-element-27e6535e elementor-section-stretched elementor-section-boxed elementor-section-height-default elementor-section-height-default\" data-id=\"27e6535e\" data-element_type=\"section\" data-settings=\"{&quot;stretch_section&quot;:&quot;section-stretched&quot;}\">\n\t\t\t\t\t\t<div class=\"elementor-container elementor-column-gap-default\">\n\t\t\t\t\t<div class=\"elementor-column elementor-col-100 elementor-top-column elementor-element elementor-element-4a0d56ff\" data-id=\"4a0d56ff\" data-element_type=\"column\">\n\t\t\t<div class=\"elementor-widget-wrap elementor-element-populated\">\n\t\t\t\t\t\t\t\t<div class=\"elementor-element elementor-element-eb16844 elementor-widget elementor-widget-text-editor\" data-id=\"eb16844\" data-element_type=\"widget\" data-widget_type=\"text-editor.default\">\n\t\t\t\t<div class=\"elementor-widget-container\">\n\t\t\t\t\t\t\t\t<!-- wp:paragraph -->\n<h1><strong>Notre catalogue d&#8217;instruments<\/strong><\/h1>\n<h5><em>(Cliquez sur les photos pour la description d\u00e9taill\u00e9e de l&#8217;instrument)\u00a0<\/em><\/h5>\n<p>\u00a0<\/p>\n<h4><span style=\"text-decoration: underline;\">Les bassons professionnels :<\/span><\/h4>\n<!-- \/wp:paragraph --><!-- wp:image {\"className\":\"is-style-rounded\"} --><!-- \/wp:paragraph -->\t\t\t\t\t\t<\/div>\n\t\t\t\t<\/div>\n\t\t\t\t\t<\/div>\n\t\t<\/div>\n\t\t\t\t\t\t\t<\/div>\n\t\t<\/section>\n\t\t\t\t<section class=\"elementor-section elementor-top-section elementor-element elementor-element-8693506 elementor-section-stretched elementor-section-boxed elementor-section-height-default elementor-section-height-default\" data-id=\"8693506\" data-element_type=\"section\" data-settings=\"{&quot;stretch_section&quot;:&quot;section-stretched&quot;}\">\n\t\t\t\t\t\t<div class=\"elementor-container elementor-column-gap-default\">\n\t\t\t\t\t<div class=\"elementor-column elementor-col-33 elementor-top-column elementor-element elementor-element-51ec6cb\" data-id=\"51ec6cb\" data-element_type=\"column\">\n\t\t\t<div class=\"elementor-widget-wrap elementor-element-populated\">\n\t\t\t\t\t\t\t\t<div class=\"elementor-element elementor-element-42ff724 elementor-widget elementor-widget-image\" data-id=\"42ff724\" data-element_type=\"widget\" data-widget_type=\"image.default\">\n\t\t\t\t<div class=\"elementor-widget-container\">\n\t\t\t\t\t\t\t\t\t\t\t\t<figure class=\"wp-caption\">\n\t\t\t\t\t\t\t\t\t\t\t<a href=\"https:\/\/ateliersducasse.fr\/index.php\/systemefran\/\">\n\t\t\t\t\t\t\t<img loading=\"lazy\" decoding=\"async\" width=\"199\" height=\"300\" src=\"https:\/\/ateliersducasse.fr\/wp-content\/uploads\/2021\/05\/DSC_0760-199x300.jpg\" class=\"attachment-medium size-medium\" alt=\"\" srcset=\"https:\/\/ateliersducasse.fr\/wp-content\/uploads\/2021\/05\/DSC_0760-199x300.jpg 199w, https:\/\/ateliersducasse.fr\/wp-content\/uploads\/2021\/05\/DSC_0760-681x1024.jpg 681w, https:\/\/ateliersducasse.fr\/wp-content\/uploads\/2021\/05\/DSC_0760-768x1155.jpg 768w, https:\/\/ateliersducasse.fr\/wp-content\/uploads\/2021\/05\/DSC_0760-1021x1536.jpg 1021w, https:\/\/ateliersducasse.fr\/wp-content\/uploads\/2021\/05\/DSC_0760-1362x2048.jpg 1362w, https:\/\/ateliersducasse.fr\/wp-content\/uploads\/2021\/05\/DSC_0760-scaled.jpg 1702w\" sizes=\"(max-width: 199px) 100vw, 199px\" \/>\t\t\t\t\t\t\t\t<\/a>\n\t\t\t\t\t\t\t\t\t\t\t<figcaption class=\"widget-image-caption wp-caption-text\">Basson Fran\u00e7ais Palissandre<\/figcaption>\n\t\t\t\t\t\t\t\t\t\t<\/figure>\n\t\t\t\t\t\t\t\t\t<\/div>\n\t\t\t\t<\/div>\n\t\t\t\t\t<\/div>\n\t\t<\/div>\n\t\t\t\t<div class=\"elementor-column elementor-col-33 elementor-top-column elementor-element elementor-element-a518e6e\" data-id=\"a518e6e\" data-element_type=\"column\">\n\t\t\t<div class=\"elementor-widget-wrap elementor-element-populated\">\n\t\t\t\t\t\t\t\t<div class=\"elementor-element elementor-element-0e97d87 elementor-widget elementor-widget-image\" data-id=\"0e97d87\" data-element_type=\"widget\" data-widget_type=\"image.default\">\n\t\t\t\t<div class=\"elementor-widget-container\">\n\t\t\t\t\t\t\t\t\t\t\t\t<figure class=\"wp-caption\">\n\t\t\t\t\t\t\t\t\t\t\t<a href=\"https:\/\/ateliersducasse.fr\/index.php\/le-systeme-francais-classique\/\">\n\t\t\t\t\t\t\t<img loading=\"lazy\" decoding=\"async\" width=\"154\" height=\"300\" src=\"https:\/\/ateliersducasse.fr\/wp-content\/uploads\/2021\/05\/IMG_36173-154x300.jpg\" class=\"attachment-medium size-medium\" alt=\"\" srcset=\"https:\/\/ateliersducasse.fr\/wp-content\/uploads\/2021\/05\/IMG_36173-154x300.jpg 154w, https:\/\/ateliersducasse.fr\/wp-content\/uploads\/2021\/05\/IMG_36173-525x1024.jpg 525w, https:\/\/ateliersducasse.fr\/wp-content\/uploads\/2021\/05\/IMG_36173.jpg 661w\" sizes=\"(max-width: 154px) 100vw, 154px\" \/>\t\t\t\t\t\t\t\t<\/a>\n\t\t\t\t\t\t\t\t\t\t\t<figcaption class=\"widget-image-caption wp-caption-text\">Basson Fran\u00e7ais Palissandre Classique<\/figcaption>\n\t\t\t\t\t\t\t\t\t\t<\/figure>\n\t\t\t\t\t\t\t\t\t<\/div>\n\t\t\t\t<\/div>\n\t\t\t\t\t<\/div>\n\t\t<\/div>\n\t\t\t\t<div class=\"elementor-column elementor-col-33 elementor-top-column elementor-element elementor-element-b7ca3a8\" data-id=\"b7ca3a8\" data-element_type=\"column\">\n\t\t\t<div class=\"elementor-widget-wrap elementor-element-populated\">\n\t\t\t\t\t\t\t\t<div class=\"elementor-element elementor-element-90554e1 elementor-widget elementor-widget-image\" data-id=\"90554e1\" data-element_type=\"widget\" data-widget_type=\"image.default\">\n\t\t\t\t<div class=\"elementor-widget-container\">\n\t\t\t\t\t\t\t\t\t\t\t\t<figure class=\"wp-caption\">\n\t\t\t\t\t\t\t\t\t\t\t<a href=\"https:\/\/ateliersducasse.fr\/index.php\/systemebel\/\">\n\t\t\t\t\t\t\t<img loading=\"lazy\" decoding=\"async\" width=\"181\" height=\"300\" src=\"https:\/\/ateliersducasse.fr\/wp-content\/uploads\/2021\/05\/ducasse-bassoon-1-181x300.jpg\" class=\"attachment-medium size-medium\" alt=\"\" srcset=\"https:\/\/ateliersducasse.fr\/wp-content\/uploads\/2021\/05\/ducasse-bassoon-1-181x300.jpg 181w, https:\/\/ateliersducasse.fr\/wp-content\/uploads\/2021\/05\/ducasse-bassoon-1-618x1024.jpg 618w, https:\/\/ateliersducasse.fr\/wp-content\/uploads\/2021\/05\/ducasse-bassoon-1-768x1272.jpg 768w, https:\/\/ateliersducasse.fr\/wp-content\/uploads\/2021\/05\/ducasse-bassoon-1-927x1536.jpg 927w, https:\/\/ateliersducasse.fr\/wp-content\/uploads\/2021\/05\/ducasse-bassoon-1-1236x2048.jpg 1236w, https:\/\/ateliersducasse.fr\/wp-content\/uploads\/2021\/05\/ducasse-bassoon-1-scaled.jpg 1545w\" sizes=\"(max-width: 181px) 100vw, 181px\" \/>\t\t\t\t\t\t\t\t<\/a>\n\t\t\t\t\t\t\t\t\t\t\t<figcaption class=\"widget-image-caption wp-caption-text\">Basson Belge (Cl\u00e9tage Allemand)<\/figcaption>\n\t\t\t\t\t\t\t\t\t\t<\/figure>\n\t\t\t\t\t\t\t\t\t<\/div>\n\t\t\t\t<\/div>\n\t\t\t\t\t<\/div>\n\t\t<\/div>\n\t\t\t\t\t\t\t<\/div>\n\t\t<\/section>\n\t\t\t\t<section class=\"elementor-section elementor-top-section elementor-element elementor-element-d9374e0 elementor-section-stretched elementor-section-boxed elementor-section-height-default elementor-section-height-default\" data-id=\"d9374e0\" data-element_type=\"section\" data-settings=\"{&quot;stretch_section&quot;:&quot;section-stretched&quot;}\">\n\t\t\t\t\t\t<div class=\"elementor-container elementor-column-gap-default\">\n\t\t\t\t\t<div class=\"elementor-column elementor-col-100 elementor-top-column elementor-element elementor-element-e6047d3\" data-id=\"e6047d3\" data-element_type=\"column\">\n\t\t\t<div class=\"elementor-widget-wrap elementor-element-populated\">\n\t\t\t\t\t\t\t\t<div class=\"elementor-element elementor-element-30f3be1 elementor-widget elementor-widget-text-editor\" data-id=\"30f3be1\" data-element_type=\"widget\" data-widget_type=\"text-editor.default\">\n\t\t\t\t<div class=\"elementor-widget-container\">\n\t\t\t\t\t\t\t\t<h4><span style=\"text-decoration: underline;\">Les bassons d&#8217;\u00e9tude :<\/span><\/h4>\t\t\t\t\t\t<\/div>\n\t\t\t\t<\/div>\n\t\t\t\t\t<\/div>\n\t\t<\/div>\n\t\t\t\t\t\t\t<\/div>\n\t\t<\/section>\n\t\t\t\t<section class=\"elementor-section elementor-top-section elementor-element elementor-element-1be5479 elementor-section-stretched elementor-section-boxed elementor-section-height-default elementor-section-height-default\" data-id=\"1be5479\" data-element_type=\"section\" data-settings=\"{&quot;stretch_section&quot;:&quot;section-stretched&quot;}\">\n\t\t\t\t\t\t<div class=\"elementor-container elementor-column-gap-default\">\n\t\t\t\t\t<div class=\"elementor-column elementor-col-50 elementor-top-column elementor-element elementor-element-f1833bb\" data-id=\"f1833bb\" data-element_type=\"column\">\n\t\t\t<div class=\"elementor-widget-wrap elementor-element-populated\">\n\t\t\t\t\t\t\t\t<div class=\"elementor-element elementor-element-513d6f7 elementor-widget elementor-widget-image\" data-id=\"513d6f7\" data-element_type=\"widget\" data-widget_type=\"image.default\">\n\t\t\t\t<div class=\"elementor-widget-container\">\n\t\t\t\t\t\t\t\t\t\t\t\t<figure class=\"wp-caption\">\n\t\t\t\t\t\t\t\t\t\t\t<a href=\"https:\/\/ateliersducasse.fr\/index.php\/letude-semi-pro\/\">\n\t\t\t\t\t\t\t<img loading=\"lazy\" decoding=\"async\" width=\"199\" height=\"300\" src=\"https:\/\/ateliersducasse.fr\/wp-content\/uploads\/2021\/05\/DSC_0321-199x300.jpg\" class=\"attachment-medium size-medium\" alt=\"\" srcset=\"https:\/\/ateliersducasse.fr\/wp-content\/uploads\/2021\/05\/DSC_0321-199x300.jpg 199w, https:\/\/ateliersducasse.fr\/wp-content\/uploads\/2021\/05\/DSC_0321-681x1024.jpg 681w, https:\/\/ateliersducasse.fr\/wp-content\/uploads\/2021\/05\/DSC_0321-768x1155.jpg 768w, https:\/\/ateliersducasse.fr\/wp-content\/uploads\/2021\/05\/DSC_0321-1021x1536.jpg 1021w, https:\/\/ateliersducasse.fr\/wp-content\/uploads\/2021\/05\/DSC_0321-1362x2048.jpg 1362w, https:\/\/ateliersducasse.fr\/wp-content\/uploads\/2021\/05\/DSC_0321-scaled.jpg 1702w\" sizes=\"(max-width: 199px) 100vw, 199px\" \/>\t\t\t\t\t\t\t\t<\/a>\n\t\t\t\t\t\t\t\t\t\t\t<figcaption class=\"widget-image-caption wp-caption-text\">Mod\u00e8le semi-pro<\/figcaption>\n\t\t\t\t\t\t\t\t\t\t<\/figure>\n\t\t\t\t\t\t\t\t\t<\/div>\n\t\t\t\t<\/div>\n\t\t\t\t\t<\/div>\n\t\t<\/div>\n\t\t\t\t<div class=\"elementor-column elementor-col-50 elementor-top-column elementor-element elementor-element-f710de3\" data-id=\"f710de3\" data-element_type=\"column\">\n\t\t\t<div class=\"elementor-widget-wrap elementor-element-populated\">\n\t\t\t\t\t\t\t\t<div class=\"elementor-element elementor-element-7bb441c elementor-widget elementor-widget-image\" data-id=\"7bb441c\" data-element_type=\"widget\" data-widget_type=\"image.default\">\n\t\t\t\t<div class=\"elementor-widget-container\">\n\t\t\t\t\t\t\t\t\t\t\t\t<figure class=\"wp-caption\">\n\t\t\t\t\t\t\t\t\t\t\t<a href=\"https:\/\/ateliersducasse.fr\/index.php\/le-modele-enfant\/\">\n\t\t\t\t\t\t\t<img loading=\"lazy\" decoding=\"async\" width=\"199\" height=\"300\" src=\"https:\/\/ateliersducasse.fr\/wp-content\/uploads\/2021\/05\/DSC_0075-199x300.jpg\" class=\"attachment-medium size-medium\" alt=\"\" srcset=\"https:\/\/ateliersducasse.fr\/wp-content\/uploads\/2021\/05\/DSC_0075-199x300.jpg 199w, https:\/\/ateliersducasse.fr\/wp-content\/uploads\/2021\/05\/DSC_0075-681x1024.jpg 681w, https:\/\/ateliersducasse.fr\/wp-content\/uploads\/2021\/05\/DSC_0075-768x1155.jpg 768w, https:\/\/ateliersducasse.fr\/wp-content\/uploads\/2021\/05\/DSC_0075-1021x1536.jpg 1021w, https:\/\/ateliersducasse.fr\/wp-content\/uploads\/2021\/05\/DSC_0075-1362x2048.jpg 1362w, https:\/\/ateliersducasse.fr\/wp-content\/uploads\/2021\/05\/DSC_0075-scaled.jpg 1702w\" sizes=\"(max-width: 199px) 100vw, 199px\" \/>\t\t\t\t\t\t\t\t<\/a>\n\t\t\t\t\t\t\t\t\t\t\t<figcaption class=\"widget-image-caption wp-caption-text\">Basson Petite Main<\/figcaption>\n\t\t\t\t\t\t\t\t\t\t<\/figure>\n\t\t\t\t\t\t\t\t\t<\/div>\n\t\t\t\t<\/div>\n\t\t\t\t\t<\/div>\n\t\t<\/div>\n\t\t\t\t\t\t\t<\/div>\n\t\t<\/section>\n\t\t\t\t<section class=\"elementor-section elementor-top-section elementor-element elementor-element-b907d53 elementor-section-stretched elementor-section-boxed elementor-section-height-default elementor-section-height-default\" data-id=\"b907d53\" data-element_type=\"section\" data-settings=\"{&quot;stretch_section&quot;:&quot;section-stretched&quot;}\">\n\t\t\t\t\t\t<div class=\"elementor-container elementor-column-gap-default\">\n\t\t\t\t\t<div class=\"elementor-column elementor-col-100 elementor-top-column elementor-element elementor-element-5bf0076\" data-id=\"5bf0076\" data-element_type=\"column\">\n\t\t\t<div class=\"elementor-widget-wrap elementor-element-populated\">\n\t\t\t\t\t\t\t\t<div class=\"elementor-element elementor-element-d6962a6 elementor-align-center elementor-widget elementor-widget-button\" data-id=\"d6962a6\" data-element_type=\"widget\" data-widget_type=\"button.default\">\n\t\t\t\t<div class=\"elementor-widget-container\">\n\t\t\t\t\t<div class=\"elementor-button-wrapper\">\n\t\t\t<a href=\"http:\/\/ateliersducasse.fr\/index.php\/les-tarifs\/\" class=\"elementor-button-link elementor-button elementor-size-lg\" role=\"button\">\n\t\t\t\t\t\t<span class=\"elementor-button-content-wrapper\">\n\t\t\t\t\t\t<span class=\"elementor-button-text\">LES TARIFS<\/span>\n\t\t<\/span>\n\t\t\t\t\t<\/a>\n\t\t<\/div>\n\t\t\t\t<\/div>\n\t\t\t\t<\/div>\n\t\t\t\t\t<\/div>\n\t\t<\/div>\n\t\t\t\t\t\t\t<\/div>\n\t\t<\/section>\n\t\t\t\t\t\t<\/div>\n\t\t\t\t\t<\/div>\n\t\t","protected":false},"excerpt":{"rendered":"<p>Notre catalogue d&#8217;instruments (Cliquez sur les photos pour la description d\u00e9taill\u00e9e de l&#8217;instrument)\u00a0 \u00a0 Les bassons professionnels : Basson Fran\u00e7ais Palissandre Basson Fran\u00e7ais Palissandre Classique Basson Belge (Cl\u00e9tage Allemand) Les bassons d&#8217;\u00e9tude : Mod\u00e8le semi-pro Basson Petite Main LES TARIFS<\/p>\n","protected":false},"author":1,"featured_media":160,"parent":0,"menu_order":0,"comment_status":"closed","ping_status":"closed","template":"","meta":{"footnotes":""},"_links":{"self":[{"href":"https:\/\/ateliersducasse.fr\/index.php\/wp-json\/wp\/v2\/pages\/159"}],"collection":[{"href":"https:\/\/ateliersducasse.fr\/index.php\/wp-json\/wp\/v2\/pages"}],"about":[{"href":"https:\/\/ateliersducasse.fr\/index.php\/wp-json\/wp\/v2\/types\/page"}],"author":[{"embeddable":true,"href":"https:\/\/ateliersducasse.fr\/index.php\/wp-json\/wp\/v2\/users\/1"}],"replies":[{"embeddable":true,"href":"https:\/\/ateliersducasse.fr\/index.php\/wp-json\/wp\/v2\/comments?post=159"}],"version-history":[{"count":49,"href":"https:\/\/ateliersducasse.fr\/index.php\/wp-json\/wp\/v2\/pages\/159\/revisions"}],"predecessor-version":[{"id":529,"href":"https:\/\/ateliersducasse.fr\/index.php\/wp-json\/wp\/v2\/pages\/159\/revisions\/529"}],"wp:featuredmedia":[{"embeddable":true,"href":"https:\/\/ateliersducasse.fr\/index.php\/wp-json\/wp\/v2\/media\/160"}],"wp:attachment":[{"href":"https:\/\/ateliersducasse.fr\/index.php\/wp-json\/wp\/v2\/media?parent=159"}],"curies":[{"name":"wp","href":"https:\/\/api.w.org\/{rel}","templated":true}]}}